{"id":118725,"date":"2021-05-18T04:40:38","date_gmt":"2021-05-18T04:40:38","guid":{"rendered":"http:\/\/hadjsassigroupe.com\/geant_studio\/about-us\/"},"modified":"2023-07-12T02:22:32","modified_gmt":"2023-07-12T00:22:32","slug":"a-propos","status":"publish","type":"page","link":"https:\/\/hadjsassigroupe.com\/geant_studio\/a-propos\/","title":{"rendered":"A Propos"},"content":{"rendered":"\t\t<div data-elementor-type=\"wp-page\" data-elementor-id=\"118725\" class=\"elementor elementor-118725\">\n\t\t\t\t\t\t\t\t\t<section class=\"elementor-section elementor-top-section elementor-element elementor-element-b6d786e elementor-section-content-middle elementor-section-boxed elementor-section-height-default elementor-section-height-default\" data-id=\"b6d786e\" data-element_type=\"section\" data-settings=\"{&quot;background_background&quot;:&quot;classic&quot;}\">\n\t\t\t\t\t\t<div class=\"elementor-container elementor-column-gap-no\">\n\t\t\t\t\t<div class=\"elementor-column elementor-col-50 elementor-top-column elementor-element elementor-element-d2f1e5f\" data-id=\"d2f1e5f\" data-element_type=\"column\">\n\t\t\t<div class=\"elementor-widget-wrap elementor-element-populated\">\n\t\t\t\t\t\t\t\t<div class=\"elementor-element elementor-element-8c02fa3 elementor-widget-mobile__width-inherit elementor-widget elementor-widget-heading\" data-id=\"8c02fa3\" data-element_type=\"widget\" data-widget_type=\"heading.default\">\n\t\t\t\t<div class=\"elementor-widget-container\">\n\t\t\t<style>\/*! elementor - v3.14.0 - 26-06-2023 *\/\n.elementor-heading-title{padding:0;margin:0;line-height:1}.elementor-widget-heading .elementor-heading-title[class*=elementor-size-]>a{color:inherit;font-size:inherit;line-height:inherit}.elementor-widget-heading .elementor-heading-title.elementor-size-small{font-size:15px}.elementor-widget-heading .elementor-heading-title.elementor-size-medium{font-size:19px}.elementor-widget-heading .elementor-heading-title.elementor-size-large{font-size:29px}.elementor-widget-heading .elementor-heading-title.elementor-size-xl{font-size:39px}.elementor-widget-heading .elementor-heading-title.elementor-size-xxl{font-size:59px}<\/style><h1 class=\"elementor-heading-title elementor-size-default\">A Propos G\u00e9ant Studio<\/h1>\t\t<\/div>\n\t\t\t\t<\/div>\n\t\t\t\t\t<\/div>\n\t\t<\/div>\n\t\t\t\t<div class=\"elementor-column elementor-col-50 elementor-top-column elementor-element elementor-element-b2b8baf\" data-id=\"b2b8baf\" data-element_type=\"column\">\n\t\t\t<div class=\"elementor-widget-wrap elementor-element-populated\">\n\t\t\t\t\t\t\t\t<div class=\"elementor-element elementor-element-d27d16f elementor-widget elementor-widget-image\" data-id=\"d27d16f\" data-element_type=\"widget\" data-widget_type=\"image.default\">\n\t\t\t\t<div class=\"elementor-widget-container\">\n\t\t\t<style>\/*! elementor - v3.14.0 - 26-06-2023 *\/\n.elementor-widget-image{text-align:center}.elementor-widget-image a{display:inline-block}.elementor-widget-image a img[src$=\".svg\"]{width:48px}.elementor-widget-image img{vertical-align:middle;display:inline-block}<\/style>\t\t\t\t\t\t\t\t\t\t\t\t<img loading=\"lazy\" decoding=\"async\" width=\"1000\" height=\"667\" src=\"https:\/\/hadjsassigroupe.com\/geant_studio\/wp-content\/uploads\/2022\/04\/0c41bb7da6.jpeg\" class=\"attachment-large size-large wp-image-762\" alt=\"\" \/>\t\t\t\t\t\t\t\t\t\t\t\t\t\t\t<\/div>\n\t\t\t\t<\/div>\n\t\t\t\t\t<\/div>\n\t\t<\/div>\n\t\t\t\t\t\t\t<\/div>\n\t\t<\/section>\n\t\t\t\t<section class=\"elementor-section elementor-top-section elementor-element elementor-element-061a745 elementor-section-boxed elementor-section-height-default elementor-section-height-default\" data-id=\"061a745\" data-element_type=\"section\" data-settings=\"{&quot;background_background&quot;:&quot;classic&quot;}\">\n\t\t\t\t\t\t<div class=\"elementor-container elementor-column-gap-no\">\n\t\t\t\t\t<div class=\"elementor-column elementor-col-100 elementor-top-column elementor-element elementor-element-b9e486f\" data-id=\"b9e486f\" data-element_type=\"column\">\n\t\t\t<div class=\"elementor-widget-wrap elementor-element-populated\">\n\t\t\t\t\t\t\t\t<div class=\"elementor-element elementor-element-8cb829c elementor-widget elementor-widget-heading\" data-id=\"8cb829c\" data-element_type=\"widget\" data-widget_type=\"heading.default\">\n\t\t\t\t<div class=\"elementor-widget-container\">\n\t\t\t<h2 class=\"elementor-heading-title elementor-size-default\">Bienvenue chez G\u00e9ant Studio, votre partenaire de confiance pour tous vos besoins en photographie et vid\u00e9o.<\/h2>\t\t<\/div>\n\t\t\t\t<\/div>\n\t\t\t\t<div class=\"elementor-element elementor-element-ece1ba3 elementor-position-left elementor-vertical-align-top elementor-widget elementor-widget-image-box\" data-id=\"ece1ba3\" data-element_type=\"widget\" data-widget_type=\"image-box.default\">\n\t\t\t\t<div class=\"elementor-widget-container\">\n\t\t\t<style>\/*! elementor - v3.14.0 - 26-06-2023 *\/\n.elementor-widget-image-box .elementor-image-box-content{width:100%}@media (min-width:768px){.elementor-widget-image-box.elementor-position-left .elementor-image-box-wrapper,.elementor-widget-image-box.elementor-position-right .elementor-image-box-wrapper{display:flex}.elementor-widget-image-box.elementor-position-right .elementor-image-box-wrapper{text-align:right;flex-direction:row-reverse}.elementor-widget-image-box.elementor-position-left .elementor-image-box-wrapper{text-align:left;flex-direction:row}.elementor-widget-image-box.elementor-position-top .elementor-image-box-img{margin:auto}.elementor-widget-image-box.elementor-vertical-align-top .elementor-image-box-wrapper{align-items:flex-start}.elementor-widget-image-box.elementor-vertical-align-middle .elementor-image-box-wrapper{align-items:center}.elementor-widget-image-box.elementor-vertical-align-bottom .elementor-image-box-wrapper{align-items:flex-end}}@media (max-width:767px){.elementor-widget-image-box .elementor-image-box-img{margin-left:auto!important;margin-right:auto!important;margin-bottom:15px}}.elementor-widget-image-box .elementor-image-box-img{display:inline-block}.elementor-widget-image-box .elementor-image-box-title a{color:inherit}.elementor-widget-image-box .elementor-image-box-wrapper{text-align:center}.elementor-widget-image-box .elementor-image-box-description{margin:0}<\/style><div class=\"elementor-image-box-wrapper\"><figure class=\"elementor-image-box-img\"><img loading=\"lazy\" decoding=\"async\" width=\"402\" height=\"338\" src=\"https:\/\/hadjsassigroupe.com\/geant_studio\/wp-content\/uploads\/2022\/04\/Plan-de-travail-3-120x101.png\" class=\"attachment-full size-full wp-image-757\" alt=\"\" srcset=\"https:\/\/hadjsassigroupe.com\/geant_studio\/wp-content\/uploads\/2022\/04\/Plan-de-travail-3-120x101.png 120w, https:\/\/hadjsassigroupe.com\/geant_studio\/wp-content\/uploads\/2022\/04\/Plan-de-travail-3-300x252.png 300w, https:\/\/hadjsassigroupe.com\/geant_studio\/wp-content\/uploads\/2022\/04\/Plan-de-travail-3.png 402w\" sizes=\"auto, (max-width: 402px) 100vw, 402px\" \/><\/figure><div class=\"elementor-image-box-content\"><h4 class=\"elementor-image-box-title\">G\u00e9ant studio est une soci\u00e9t\u00e9 fond\u00e9e en 2011 sp\u00e9cialis\u00e9 dans  le domaine de l\u2019audiovisuel :<\/h4><p class=\"elementor-image-box-description\">Shooting des diff\u00e9rente produits selon les demandes et les besoins des clients ( v\u00eatement, produit cosm\u00e9tiques et param\u00e9dical)\n<br\/>\n<br\/>\nShooting des \u00e9v\u00e8nements des entreprises (s\u00e9minaires , conventions, les interventions des organisateurs et participants )\n<br\/>\n<br\/>\nShooting des soir\u00e9es (f\u00eate de mariage ,salons, r\u00e9ceptions, formations, conf\u00e9rences) aussi bien la cr\u00e9ation des vid\u00e9o et montage (vid\u00e9o publicitaires des produits , vid\u00e9o des stars ) <\/p><\/div><\/div>\t\t<\/div>\n\t\t\t\t<\/div>\n\t\t\t\t<div class=\"elementor-element elementor-element-ef8d922 elementor-position-left elementor-widget__width-initial elementor-widget-mobile__width-inherit elementor-vertical-align-top elementor-widget elementor-widget-image-box\" data-id=\"ef8d922\" data-element_type=\"widget\" data-widget_type=\"image-box.default\">\n\t\t\t\t<div class=\"elementor-widget-container\">\n\t\t\t<div class=\"elementor-image-box-wrapper\"><div class=\"elementor-image-box-content\"><h3 class=\"elementor-image-box-title\">Mission.<\/h3><p class=\"elementor-image-box-description\">Apportez de la clart\u00e9 aux priorit\u00e9s, aux strat\u00e9gies et aux opportunit\u00e9s au sein des entreprises ou des r\u00f4les pour les aider \u00e0 atteindre les r\u00e9sultats exceptionnels qu'ils souhaitent.<\/p><\/div><\/div>\t\t<\/div>\n\t\t\t\t<\/div>\n\t\t\t\t<div class=\"elementor-element elementor-element-b8a2161 elementor-position-left elementor-widget__width-initial elementor-widget-mobile__width-inherit elementor-vertical-align-top elementor-widget elementor-widget-image-box\" data-id=\"b8a2161\" data-element_type=\"widget\" data-widget_type=\"image-box.default\">\n\t\t\t\t<div class=\"elementor-widget-container\">\n\t\t\t<div class=\"elementor-image-box-wrapper\"><div class=\"elementor-image-box-content\"><h3 class=\"elementor-image-box-title\">Vision<\/h3><p class=\"elementor-image-box-description\">Nous nous effor\u00e7ons de permettre \u00e0 nos clients d'avoir une direction claire, de se concentrer et de r\u00e9ussir dans tous les domaines de leur entreprise.\u200b<\/p><\/div><\/div>\t\t<\/div>\n\t\t\t\t<\/div>\n\t\t\t\t\t<\/div>\n\t\t<\/div>\n\t\t\t\t\t\t\t<\/div>\n\t\t<\/section>\n\t\t\t\t\t\t\t<\/div>\n\t\t","protected":false},"excerpt":{"rendered":"<p>A Propos G\u00e9ant Studio Bienvenue chez G\u00e9ant Studio, votre partenaire de confiance pour tous vos besoins en photographie et vid\u00e9o. G\u00e9ant studio est une soci\u00e9t\u00e9 fond\u00e9e en 2011 sp\u00e9cialis\u00e9 dans le domaine de l\u2019audiovisuel : Shooting des diff\u00e9rente produits selon les demandes et les besoins des clients ( v\u00eatement, produit cosm\u00e9tiques et param\u00e9dical) Shooting des &hellip;<\/p>\n<p class=\"read-more\"> <a class=\"\" href=\"https:\/\/hadjsassigroupe.com\/geant_studio\/a-propos\/\"> <span class=\"screen-reader-text\">A Propos<\/span> Lire la suite\u00a0\u00bb<\/a><\/p>\n","protected":false},"author":1,"featured_media":0,"parent":0,"menu_order":0,"comment_status":"closed","ping_status":"closed","template":"","meta":{"site-sidebar-layout":"no-sidebar","site-content-layout":"page-builder","ast-global-header-display":"","ast-banner-title-visibility":"","ast-main-header-display":"","ast-hfb-above-header-display":"","ast-hfb-below-header-display":"","ast-hfb-mobile-header-display":"","site-post-title":"disabled","ast-breadcrumbs-content":"","ast-featured-img":"disabled","footer-sml-layout":"","theme-transparent-header-meta":"default","adv-header-id-meta":"","stick-header-meta":"","header-above-stick-meta":"","header-main-stick-meta":"","header-below-stick-meta":"","footnotes":""},"class_list":["post-118725","page","type-page","status-publish","hentry"],"_links":{"self":[{"href":"https:\/\/hadjsassigroupe.com\/geant_studio\/wp-json\/wp\/v2\/pages\/118725","targetHints":{"allow":["GET"]}}],"collection":[{"href":"https:\/\/hadjsassigroupe.com\/geant_studio\/wp-json\/wp\/v2\/pages"}],"about":[{"href":"https:\/\/hadjsassigroupe.com\/geant_studio\/wp-json\/wp\/v2\/types\/page"}],"author":[{"embeddable":true,"href":"https:\/\/hadjsassigroupe.com\/geant_studio\/wp-json\/wp\/v2\/users\/1"}],"replies":[{"embeddable":true,"href":"https:\/\/hadjsassigroupe.com\/geant_studio\/wp-json\/wp\/v2\/comments?post=118725"}],"version-history":[{"count":4,"href":"https:\/\/hadjsassigroupe.com\/geant_studio\/wp-json\/wp\/v2\/pages\/118725\/revisions"}],"predecessor-version":[{"id":118740,"href":"https:\/\/hadjsassigroupe.com\/geant_studio\/wp-json\/wp\/v2\/pages\/118725\/revisions\/118740"}],"wp:attachment":[{"href":"https:\/\/hadjsassigroupe.com\/geant_studio\/wp-json\/wp\/v2\/media?parent=118725"}],"curies":[{"name":"wp","href":"https:\/\/api.w.org\/{rel}","templated":true}]}}