{"id":118774,"date":"2023-07-12T03:47:39","date_gmt":"2023-07-12T01:47:39","guid":{"rendered":"http:\/\/hadjsassigroupe.com\/geant_studio\/?page_id=118774"},"modified":"2023-10-22T17:06:22","modified_gmt":"2023-10-22T15:06:22","slug":"videos","status":"publish","type":"page","link":"https:\/\/hadjsassigroupe.com\/geant_studio\/videos\/","title":{"rendered":"Vid\u00e9os"},"content":{"rendered":"\t\t<div data-elementor-type=\"wp-page\" data-elementor-id=\"118774\" class=\"elementor elementor-118774\">\n\t\t\t\t\t\t\t\t\t<section class=\"elementor-section elementor-top-section elementor-element elementor-element-i0d6rjz elementor-section-height-min-height elementor-section-boxed elementor-section-height-default elementor-section-items-middle\" data-id=\"i0d6rjz\" data-element_type=\"section\" data-settings=\"{&quot;background_background&quot;:&quot;classic&quot;}\">\n\t\t\t\t\t\t<div class=\"elementor-container elementor-column-gap-no\">\n\t\t\t\t\t<div class=\"elementor-column elementor-col-100 elementor-top-column elementor-element elementor-element-e7f04eb\" data-id=\"e7f04eb\" data-element_type=\"column\">\n\t\t\t<div class=\"elementor-widget-wrap elementor-element-populated\">\n\t\t\t\t\t\t\t\t<div class=\"elementor-element elementor-element-5d9020e elementor-widget-divider--view-line elementor-widget elementor-widget-divider\" data-id=\"5d9020e\" data-element_type=\"widget\" data-widget_type=\"divider.default\">\n\t\t\t\t<div class=\"elementor-widget-container\">\n\t\t\t<style>\/*! elementor - v3.14.0 - 26-06-2023 *\/\n.elementor-widget-divider{--divider-border-style:none;--divider-border-width:1px;--divider-color:#0c0d0e;--divider-icon-size:20px;--divider-element-spacing:10px;--divider-pattern-height:24px;--divider-pattern-size:20px;--divider-pattern-url:none;--divider-pattern-repeat:repeat-x}.elementor-widget-divider .elementor-divider{display:flex}.elementor-widget-divider .elementor-divider__text{font-size:15px;line-height:1;max-width:95%}.elementor-widget-divider .elementor-divider__element{margin:0 var(--divider-element-spacing);flex-shrink:0}.elementor-widget-divider .elementor-icon{font-size:var(--divider-icon-size)}.elementor-widget-divider .elementor-divider-separator{display:flex;margin:0;direction:ltr}.elementor-widget-divider--view-line_icon .elementor-divider-separator,.elementor-widget-divider--view-line_text .elementor-divider-separator{align-items:center}.elementor-widget-divider--view-line_icon .elementor-divider-separator:after,.elementor-widget-divider--view-line_icon .elementor-divider-separator:before,.elementor-widget-divider--view-line_text .elementor-divider-separator:after,.elementor-widget-divider--view-line_text .elementor-divider-separator:before{display:block;content:\"\";border-bottom:0;flex-grow:1;border-top:var(--divider-border-width) var(--divider-border-style) var(--divider-color)}.elementor-widget-divider--element-align-left .elementor-divider .elementor-divider-separator>.elementor-divider__svg:first-of-type{flex-grow:0;flex-shrink:100}.elementor-widget-divider--element-align-left .elementor-divider-separator:before{content:none}.elementor-widget-divider--element-align-left .elementor-divider__element{margin-left:0}.elementor-widget-divider--element-align-right .elementor-divider .elementor-divider-separator>.elementor-divider__svg:last-of-type{flex-grow:0;flex-shrink:100}.elementor-widget-divider--element-align-right .elementor-divider-separator:after{content:none}.elementor-widget-divider--element-align-right .elementor-divider__element{margin-right:0}.elementor-widget-divider:not(.elementor-widget-divider--view-line_text):not(.elementor-widget-divider--view-line_icon) .elementor-divider-separator{border-top:var(--divider-border-width) var(--divider-border-style) var(--divider-color)}.elementor-widget-divider--separator-type-pattern{--divider-border-style:none}.elementor-widget-divider--separator-type-pattern.elementor-widget-divider--view-line .elementor-divider-separator,.elementor-widget-divider--separator-type-pattern:not(.elementor-widget-divider--view-line) .elementor-divider-separator:after,.elementor-widget-divider--separator-type-pattern:not(.elementor-widget-divider--view-line) .elementor-divider-separator:before,.elementor-widget-divider--separator-type-pattern:not([class*=elementor-widget-divider--view]) .elementor-divider-separator{width:100%;min-height:var(--divider-pattern-height);-webkit-mask-size:var(--divider-pattern-size) 100%;mask-size:var(--divider-pattern-size) 100%;-webkit-mask-repeat:var(--divider-pattern-repeat);mask-repeat:var(--divider-pattern-repeat);background-color:var(--divider-color);-webkit-mask-image:var(--divider-pattern-url);mask-image:var(--divider-pattern-url)}.elementor-widget-divider--no-spacing{--divider-pattern-size:auto}.elementor-widget-divider--bg-round{--divider-pattern-repeat:round}.rtl .elementor-widget-divider .elementor-divider__text{direction:rtl}.e-con-inner>.elementor-widget-divider,.e-con>.elementor-widget-divider{width:var(--container-widget-width,100%);--flex-grow:var(--container-widget-flex-grow)}<\/style>\t\t<div class=\"elementor-divider\">\n\t\t\t<span class=\"elementor-divider-separator\">\n\t\t\t\t\t\t<\/span>\n\t\t<\/div>\n\t\t\t\t<\/div>\n\t\t\t\t<\/div>\n\t\t\t\t<div class=\"elementor-element elementor-element-98a5c24 elementor-widget elementor-widget-heading\" data-id=\"98a5c24\" data-element_type=\"widget\" data-widget_type=\"heading.default\">\n\t\t\t\t<div class=\"elementor-widget-container\">\n\t\t\t<style>\/*! elementor - v3.14.0 - 26-06-2023 *\/\n.elementor-heading-title{padding:0;margin:0;line-height:1}.elementor-widget-heading .elementor-heading-title[class*=elementor-size-]>a{color:inherit;font-size:inherit;line-height:inherit}.elementor-widget-heading .elementor-heading-title.elementor-size-small{font-size:15px}.elementor-widget-heading .elementor-heading-title.elementor-size-medium{font-size:19px}.elementor-widget-heading .elementor-heading-title.elementor-size-large{font-size:29px}.elementor-widget-heading .elementor-heading-title.elementor-size-xl{font-size:39px}.elementor-widget-heading .elementor-heading-title.elementor-size-xxl{font-size:59px}<\/style><h1 class=\"elementor-heading-title elementor-size-default\">Gallerie Vid\u00e9os<\/h1>\t\t<\/div>\n\t\t\t\t<\/div>\n\t\t\t\t\t<\/div>\n\t\t<\/div>\n\t\t\t\t\t\t\t<\/div>\n\t\t<\/section>\n\t\t\t\t<section class=\"elementor-section elementor-top-section elementor-element elementor-element-1f093341 elementor-section-content-middle elementor-section-boxed elementor-section-height-default elementor-section-height-default\" data-id=\"1f093341\" data-element_type=\"section\">\n\t\t\t\t\t\t<div class=\"elementor-container elementor-column-gap-no\">\n\t\t\t\t\t<div class=\"elementor-column elementor-col-50 elementor-top-column elementor-element elementor-element-207fab88\" data-id=\"207fab88\" data-element_type=\"column\">\n\t\t\t<div class=\"elementor-widget-wrap elementor-element-populated\">\n\t\t\t\t\t\t\t\t<div class=\"elementor-element elementor-element-7638c772 elementor-widget-divider--view-line elementor-widget elementor-widget-divider\" data-id=\"7638c772\" data-element_type=\"widget\" data-widget_type=\"divider.default\">\n\t\t\t\t<div class=\"elementor-widget-container\">\n\t\t\t\t\t<div class=\"elementor-divider\">\n\t\t\t<span class=\"elementor-divider-separator\">\n\t\t\t\t\t\t<\/span>\n\t\t<\/div>\n\t\t\t\t<\/div>\n\t\t\t\t<\/div>\n\t\t\t\t<div class=\"elementor-element elementor-element-3498b2a3 elementor-widget elementor-widget-heading\" data-id=\"3498b2a3\" data-element_type=\"widget\" data-widget_type=\"heading.default\">\n\t\t\t\t<div class=\"elementor-widget-container\">\n\t\t\t<h4 class=\"elementor-heading-title elementor-size-default\">Nos superbes vid\u00e9os<\/h4>\t\t<\/div>\n\t\t\t\t<\/div>\n\t\t\t\t\t<\/div>\n\t\t<\/div>\n\t\t\t\t<div class=\"elementor-column elementor-col-50 elementor-top-column elementor-element elementor-element-3bbfa1ad\" data-id=\"3bbfa1ad\" data-element_type=\"column\">\n\t\t\t<div class=\"elementor-widget-wrap elementor-element-populated\">\n\t\t\t\t\t\t\t\t<div class=\"elementor-element elementor-element-5815ce1f elementor-widget elementor-widget-text-editor\" data-id=\"5815ce1f\" data-element_type=\"widget\" data-widget_type=\"text-editor.default\">\n\t\t\t\t<div class=\"elementor-widget-container\">\n\t\t\t<style>\/*! elementor - v3.14.0 - 26-06-2023 *\/\n.elementor-widget-text-editor.elementor-drop-cap-view-stacked .elementor-drop-cap{background-color:#69727d;color:#fff}.elementor-widget-text-editor.elementor-drop-cap-view-framed .elementor-drop-cap{color:#69727d;border:3px solid;background-color:transparent}.elementor-widget-text-editor:not(.elementor-drop-cap-view-default) .elementor-drop-cap{margin-top:8px}.elementor-widget-text-editor:not(.elementor-drop-cap-view-default) .elementor-drop-cap-letter{width:1em;height:1em}.elementor-widget-text-editor .elementor-drop-cap{float:left;text-align:center;line-height:1;font-size:50px}.elementor-widget-text-editor .elementor-drop-cap-letter{display:inline-block}<\/style>\t\t\t\t<div><p>D\u00e9couvrez notre collection de r\u00e9f\u00e9rences vid\u00e9o qui met en lumi\u00e8re notre savoir-faire et notre exp\u00e9rience dans la r\u00e9alisation de projets vari\u00e9s. Des vid\u00e9os promotionnelles percutantes aux reportages captivants, en passant par les clips musicaux et les vid\u00e9os d&#8217;entreprise, notre portfolio t\u00e9moigne de notre cr\u00e9ativit\u00e9, de notre ma\u00eetrise technique et de notre capacit\u00e9 \u00e0 raconter des histoires visuelles captivantes.<\/p><\/div>\t\t\t\t\t\t<\/div>\n\t\t\t\t<\/div>\n\t\t\t\t\t<\/div>\n\t\t<\/div>\n\t\t\t\t\t\t\t<\/div>\n\t\t<\/section>\n\t\t\t\t<section class=\"elementor-section elementor-top-section elementor-element elementor-element-b220597 elementor-section-boxed elementor-section-height-default elementor-section-height-default\" data-id=\"b220597\" data-element_type=\"section\">\n\t\t\t\t\t\t<div class=\"elementor-container elementor-column-gap-default\">\n\t\t\t\t\t<div class=\"elementor-column elementor-col-100 elementor-top-column elementor-element elementor-element-0ce5a57\" data-id=\"0ce5a57\" data-element_type=\"column\">\n\t\t\t<div class=\"elementor-widget-wrap elementor-element-populated\">\n\t\t\t\t\t\t\t\t<div class=\"elementor-element elementor-element-eed0467 elementor-widget elementor-widget-ucaddon_uc_compact_image_theme\" data-id=\"eed0467\" data-element_type=\"widget\" data-widget_type=\"ucaddon_uc_compact_image_theme.default\">\n\t\t\t\t<div class=\"elementor-widget-container\">\n\t\t\t<!-- start Compact Gallery -->\n\t\t<link id='unitegallery-css' href='https:\/\/hadjsassigroupe.com\/geant_studio\/wp-content\/plugins\/unlimited-elements-for-elementor\/assets_libraries\/unitegallery\/css\/unite-gallery.css' type='text\/css' rel='stylesheet' >\n\n\n\t\t\t<div id=\"uc_uc_compact_image_theme_elementor_eed0467\" class=\"uc-items-wrapper  \" style=\"display:none; margin:0 auto;\"  data-remote-type=\"gallery\" data-custom-sethtml=\"true\" >\n\n\n<img decoding=\"async\" alt=\"Pub Jadida\"\n   src=\"https:\/\/hadjsassigroupe.com\/geant_studio\/wp-content\/uploads\/2023\/10\/Screenshot-2023-10-22-at-3.13.27-PM-768x451.jpg\"\n    data-image=\"https:\/\/hadjsassigroupe.com\/geant_studio\/wp-content\/uploads\/2023\/10\/Screenshot-2023-10-22-at-3.13.27-PM-1024x602.jpg\"\n    data-title=\"Pub Jadida\"\n    data-type=\"html5video\"\n    data-videomp4=\"http:\/\/hadjsassigroupe.com\/geant_studio\/wp-content\/uploads\/2022\/04\/FDownloader.Net-475400890847856360p.mp4\">\n\n<img decoding=\"async\" alt=\"Chahia EP1\"\n   src=\"https:\/\/hadjsassigroupe.com\/geant_studio\/wp-content\/uploads\/2023\/10\/Screenshot-2023-10-22-at-3.26.42-PM-768x469.png\"\n    data-image=\"https:\/\/hadjsassigroupe.com\/geant_studio\/wp-content\/uploads\/2023\/10\/Screenshot-2023-10-22-at-3.26.42-PM-1024x626.png\"\n    data-title=\"Chahia EP1\"\n    data-type=\"html5video\"\n    data-videomp4=\"http:\/\/hadjsassigroupe.com\/geant_studio\/wp-content\/uploads\/2022\/04\/FDownloader.Net-438666151564809360p.mp4\">\n\n<img decoding=\"async\" alt=\"Chahia Recette\"\n   src=\"https:\/\/hadjsassigroupe.com\/geant_studio\/wp-content\/uploads\/2023\/10\/Screenshot-2023-10-21-at-11.14.11-PM-768x629.png\"\n    data-image=\"https:\/\/hadjsassigroupe.com\/geant_studio\/wp-content\/uploads\/2023\/10\/Screenshot-2023-10-21-at-11.14.11-PM-1024x839.png\"\n    data-title=\"Chahia Recette\"\n    data-type=\"html5video\"\n    data-videomp4=\"http:\/\/hadjsassigroupe.com\/geant_studio\/wp-content\/uploads\/2022\/04\/FDownloader.Net-389501523341541360p.mp4\">\n\n<img decoding=\"async\" alt=\"Chahia EP2\"\n   src=\"https:\/\/hadjsassigroupe.com\/geant_studio\/wp-content\/uploads\/2023\/10\/Screenshot-2023-10-22-at-3.26.42-PM-768x469.png\"\n    data-image=\"https:\/\/hadjsassigroupe.com\/geant_studio\/wp-content\/uploads\/2023\/10\/Screenshot-2023-10-22-at-3.26.42-PM-1024x626.png\"\n    data-title=\"Chahia EP2\"\n    data-type=\"html5video\"\n    data-videomp4=\"http:\/\/hadjsassigroupe.com\/geant_studio\/wp-content\/uploads\/2022\/04\/FDownloader.Net-376826121264861360p.mp4\">\n\n<img decoding=\"async\" alt=\"Chahia EP3\"\n   src=\"https:\/\/hadjsassigroupe.com\/geant_studio\/wp-content\/uploads\/2023\/10\/Screenshot-2023-10-22-at-3.29.17-PM-768x469.png\"\n    data-image=\"https:\/\/hadjsassigroupe.com\/geant_studio\/wp-content\/uploads\/2023\/10\/Screenshot-2023-10-22-at-3.29.17-PM-1024x626.png\"\n    data-title=\"Chahia EP3\"\n    data-type=\"html5video\"\n    data-videomp4=\"http:\/\/hadjsassigroupe.com\/geant_studio\/wp-content\/uploads\/2022\/04\/FDownloader.Net-1116216889022166360p.mp4\">\n\n<img decoding=\"async\" alt=\"Chahia Challenge\"\n   src=\"https:\/\/hadjsassigroupe.com\/geant_studio\/wp-content\/uploads\/2023\/10\/Screenshot-2023-10-22-at-3.30.44-PM-768x469.png\"\n    data-image=\"https:\/\/hadjsassigroupe.com\/geant_studio\/wp-content\/uploads\/2023\/10\/Screenshot-2023-10-22-at-3.30.44-PM-1024x626.png\"\n    data-title=\"Chahia Challenge\"\n    data-type=\"html5video\"\n    data-videomp4=\"http:\/\/hadjsassigroupe.com\/geant_studio\/wp-content\/uploads\/2022\/04\/FDownloader.Net-601260031691251360p.mp4\">\n\n<img decoding=\"async\" alt=\"Pub Taxi Tv\"\n   src=\"https:\/\/hadjsassigroupe.com\/geant_studio\/wp-content\/uploads\/2023\/10\/Screenshot-2023-10-22-at-3.31.42-PM-768x469.png\"\n    data-image=\"https:\/\/hadjsassigroupe.com\/geant_studio\/wp-content\/uploads\/2023\/10\/Screenshot-2023-10-22-at-3.31.42-PM-1024x626.png\"\n    data-title=\"Pub Taxi Tv\"\n    data-type=\"html5video\"\n    data-videomp4=\"http:\/\/hadjsassigroupe.com\/geant_studio\/wp-content\/uploads\/2022\/04\/FDownloader.Net-1225742554203755720p.mp4\">\n\n  \n<\/div>\n\t\t\t<!-- end Compact Gallery -->\t\t<\/div>\n\t\t\t\t<\/div>\n\t\t\t\t\t<\/div>\n\t\t<\/div>\n\t\t\t\t\t\t\t<\/div>\n\t\t<\/section>\n\t\t\t\t\t\t\t<\/div>\n\t\t","protected":false},"excerpt":{"rendered":"<p>Gallerie Vid\u00e9os Nos superbes vid\u00e9os D\u00e9couvrez notre collection de r\u00e9f\u00e9rences vid\u00e9o qui met en lumi\u00e8re notre savoir-faire et notre exp\u00e9rience dans la r\u00e9alisation de projets vari\u00e9s. Des vid\u00e9os promotionnelles percutantes aux reportages captivants, en passant par les clips musicaux et les vid\u00e9os d&#8217;entreprise, notre portfolio t\u00e9moigne de notre cr\u00e9ativit\u00e9, de notre ma\u00eetrise technique et de &hellip;<\/p>\n<p class=\"read-more\"> <a class=\"\" href=\"https:\/\/hadjsassigroupe.com\/geant_studio\/videos\/\"> <span class=\"screen-reader-text\">Vid\u00e9os<\/span> Lire la suite\u00a0\u00bb<\/a><\/p>\n","protected":false},"author":1,"featured_media":0,"parent":0,"menu_order":0,"comment_status":"closed","ping_status":"closed","template":"","meta":{"site-sidebar-layout":"no-sidebar","site-content-layout":"page-builder","ast-global-header-display":"","ast-banner-title-visibility":"","ast-main-header-display":"","ast-hfb-above-header-display":"","ast-hfb-below-header-display":"","ast-hfb-mobile-header-display":"","site-post-title":"disabled","ast-breadcrumbs-content":"","ast-featured-img":"disabled","footer-sml-layout":"","theme-transparent-header-meta":"","adv-header-id-meta":"","stick-header-meta":"","header-above-stick-meta":"","header-main-stick-meta":"","header-below-stick-meta":"","footnotes":""},"class_list":["post-118774","page","type-page","status-publish","hentry"],"_links":{"self":[{"href":"https:\/\/hadjsassigroupe.com\/geant_studio\/wp-json\/wp\/v2\/pages\/118774","targetHints":{"allow":["GET"]}}],"collection":[{"href":"https:\/\/hadjsassigroupe.com\/geant_studio\/wp-json\/wp\/v2\/pages"}],"about":[{"href":"https:\/\/hadjsassigroupe.com\/geant_studio\/wp-json\/wp\/v2\/types\/page"}],"author":[{"embeddable":true,"href":"https:\/\/hadjsassigroupe.com\/geant_studio\/wp-json\/wp\/v2\/users\/1"}],"replies":[{"embeddable":true,"href":"https:\/\/hadjsassigroupe.com\/geant_studio\/wp-json\/wp\/v2\/comments?post=118774"}],"version-history":[{"count":11,"href":"https:\/\/hadjsassigroupe.com\/geant_studio\/wp-json\/wp\/v2\/pages\/118774\/revisions"}],"predecessor-version":[{"id":118919,"href":"https:\/\/hadjsassigroupe.com\/geant_studio\/wp-json\/wp\/v2\/pages\/118774\/revisions\/118919"}],"wp:attachment":[{"href":"https:\/\/hadjsassigroupe.com\/geant_studio\/wp-json\/wp\/v2\/media?parent=118774"}],"curies":[{"name":"wp","href":"https:\/\/api.w.org\/{rel}","templated":true}]}}