{"id":2,"date":"2017-04-13T10:07:10","date_gmt":"2017-04-13T10:07:10","guid":{"rendered":"http:\/\/hadjsassigroupe.com\/pubart\/?page_id=2"},"modified":"2023-10-21T16:02:56","modified_gmt":"2023-10-21T14:02:56","slug":"home-1","status":"publish","type":"page","link":"https:\/\/hadjsassigroupe.com\/pubart\/","title":{"rendered":"Accueil"},"content":{"rendered":"<section class=\"wpb-content-wrapper\"><p>[vc_row][vc_column icons_position=\u00a0\u00bbleft\u00a0\u00bb][rev_slider_vc alias=\u00a0\u00bbslider-2&Prime;][\/vc_column][\/vc_row][vc_row full_width=\u00a0\u00bbstretch_row_content_no_spaces\u00a0\u00bb equal_height=\u00a0\u00bbyes\u00a0\u00bb content_placement=\u00a0\u00bbmiddle\u00a0\u00bb][vc_column width=\u00a0\u00bb1\/4&Prime; hide_bg_image_on_tablet=\u00a0\u00bb\u00a0\u00bb hide_bg_image_on_mobile=\u00a0\u00bb\u00a0\u00bb icons_position=\u00a0\u00bbleft\u00a0\u00bb css=\u00a0\u00bb.vc_custom_1508325497744{border-bottom-width: 8px !important;background-color: #15212c !important;border-bottom-color: #fde642 !important;border-bottom-style: solid !important;}\u00a0\u00bb offset=\u00a0\u00bbvc_hidden-sm vc_hidden-xs\u00a0\u00bb][vc_row_inner scheme=\u00a0\u00bbdark\u00a0\u00bb][vc_column_inner icons_position=\u00a0\u00bbleft\u00a0\u00bb offset=\u00a0\u00bbvc_col-md-offset-2 vc_col-md-8&Prime;][vc_empty_space hide_on_desktop=\u00a0\u00bb\u00a0\u00bb hide_on_notebook=\u00a0\u00bb\u00a0\u00bb hide_on_tablet=\u00a0\u00bb\u00a0\u00bb hide_on_mobile=\u00a0\u00bb\u00a0\u00bb]<div id=\"sc_title_761650921\"\r\n\t\tclass=\"sc_title color_style_default sc_title_default\"><h2 class=\"sc_item_title sc_title_title sc_align_left sc_item_title_style_default sc_item_title_tag\">Services<\/h2><div class=\"sc_item_descr sc_title_descr sc_align_left\"><p>En ligne et en magasin, vous pouvez trouver des services d'impression pour vous aider \u00e0 faire le travail<\/p>\n<\/div><\/div><!-- \/.sc_title -->[\/vc_column_inner][\/vc_row_inner][\/vc_column][vc_column icons_position=\u00a0\u00bbleft\u00a0\u00bb offset=\u00a0\u00bbvc_col-md-9&Prime;]<div id=\"sc_services_1321199814\" class=\"sc_services color_style_default sc_services_default sc_services_featured_top\"><div class=\"sc_services_columns_wrap sc_item_columns sc_item_columns_6 trx_addons_columns_wrap columns_padding_bottom no_margin\"><div class=\"trx_addons_column-1_6\"><div class=\"sc_services_item without_content with_image sc_services_item_featured_top\">\n\t<div class=\"post_featured with_thumb hover_icon sc_services_item_thumb\"><img loading=\"lazy\" decoding=\"async\" width=\"110\" height=\"110\" src=\"https:\/\/hadjsassigroupe.com\/pubart\/wp-content\/uploads\/2017\/06\/serv1.jpg\" class=\"attachment-alpha_color-thumb-med size-alpha_color-thumb-med wp-post-image\" alt=\"Impression\" srcset=\"https:\/\/hadjsassigroupe.com\/pubart\/wp-content\/uploads\/2017\/06\/serv1.jpg 110w, https:\/\/hadjsassigroupe.com\/pubart\/wp-content\/uploads\/2017\/06\/serv1-90x90.jpg 90w, https:\/\/hadjsassigroupe.com\/pubart\/wp-content\/uploads\/2017\/06\/serv1-100x100.jpg 100w\" sizes=\"auto, (max-width: 110px) 100vw, 110px\" \/><div class=\"mask\"><\/div><div class=\"icons\"><a href=\"https:\/\/hadjsassigroupe.com\/pubart\/services\/printing-services\/\" aria-hidden=\"true\" class=\"icon-link\"><\/a><\/div><\/div>\t\n\t<div class=\"sc_services_item_info\">\n\t\t<div class=\"sc_services_item_header\">\n\t\t\t<h4 class=\"sc_services_item_title\"><a href=\"https:\/\/hadjsassigroupe.com\/pubart\/services\/printing-services\/\">Impression<\/a><\/h4>\n\t\t<\/div>\n\t\t\t<\/div>\n<\/div>\n<\/div><div class=\"trx_addons_column-1_6\"><div class=\"sc_services_item without_content with_image sc_services_item_featured_top\">\n\t<div class=\"post_featured with_thumb hover_icon sc_services_item_thumb\"><img loading=\"lazy\" decoding=\"async\" width=\"110\" height=\"110\" src=\"https:\/\/hadjsassigroupe.com\/pubart\/wp-content\/uploads\/2017\/06\/serv2.jpg\" class=\"attachment-alpha_color-thumb-med size-alpha_color-thumb-med wp-post-image\" alt=\"Cartes Visites\/Brochures\" srcset=\"https:\/\/hadjsassigroupe.com\/pubart\/wp-content\/uploads\/2017\/06\/serv2.jpg 110w, https:\/\/hadjsassigroupe.com\/pubart\/wp-content\/uploads\/2017\/06\/serv2-90x90.jpg 90w, https:\/\/hadjsassigroupe.com\/pubart\/wp-content\/uploads\/2017\/06\/serv2-100x100.jpg 100w\" sizes=\"auto, (max-width: 110px) 100vw, 110px\" \/><div class=\"mask\"><\/div><div class=\"icons\"><a href=\"https:\/\/hadjsassigroupe.com\/pubart\/services\/copying-services\/\" aria-hidden=\"true\" class=\"icon-link\"><\/a><\/div><\/div>\t\n\t<div class=\"sc_services_item_info\">\n\t\t<div class=\"sc_services_item_header\">\n\t\t\t<h4 class=\"sc_services_item_title\"><a href=\"https:\/\/hadjsassigroupe.com\/pubart\/services\/copying-services\/\">Cartes Visites\/Brochures<\/a><\/h4>\n\t\t<\/div>\n\t\t\t<\/div>\n<\/div>\n<\/div><div class=\"trx_addons_column-1_6\"><div class=\"sc_services_item without_content with_image sc_services_item_featured_top\">\n\t<div class=\"post_featured with_thumb hover_icon sc_services_item_thumb\"><img loading=\"lazy\" decoding=\"async\" width=\"110\" height=\"110\" src=\"https:\/\/hadjsassigroupe.com\/pubart\/wp-content\/uploads\/2017\/06\/serv3.jpg\" class=\"attachment-alpha_color-thumb-med size-alpha_color-thumb-med wp-post-image\" alt=\"Affiches\/Bani\u00e8res\" srcset=\"https:\/\/hadjsassigroupe.com\/pubart\/wp-content\/uploads\/2017\/06\/serv3.jpg 110w, https:\/\/hadjsassigroupe.com\/pubart\/wp-content\/uploads\/2017\/06\/serv3-90x90.jpg 90w, https:\/\/hadjsassigroupe.com\/pubart\/wp-content\/uploads\/2017\/06\/serv3-100x100.jpg 100w\" sizes=\"auto, (max-width: 110px) 100vw, 110px\" \/><div class=\"mask\"><\/div><div class=\"icons\"><a href=\"https:\/\/hadjsassigroupe.com\/pubart\/services\/outdoor-printing\/\" aria-hidden=\"true\" class=\"icon-link\"><\/a><\/div><\/div>\t\n\t<div class=\"sc_services_item_info\">\n\t\t<div class=\"sc_services_item_header\">\n\t\t\t<h4 class=\"sc_services_item_title\"><a href=\"https:\/\/hadjsassigroupe.com\/pubart\/services\/outdoor-printing\/\">Affiches\/Bani\u00e8res<\/a><\/h4>\n\t\t<\/div>\n\t\t\t<\/div>\n<\/div>\n<\/div><div class=\"trx_addons_column-1_6\"><div class=\"sc_services_item without_content with_image sc_services_item_featured_top\">\n\t<div class=\"post_featured with_thumb hover_icon sc_services_item_thumb\"><img loading=\"lazy\" decoding=\"async\" width=\"110\" height=\"110\" src=\"https:\/\/hadjsassigroupe.com\/pubart\/wp-content\/uploads\/2017\/06\/serv4.jpg\" class=\"attachment-alpha_color-thumb-med size-alpha_color-thumb-med wp-post-image\" alt=\"Mugs\" srcset=\"https:\/\/hadjsassigroupe.com\/pubart\/wp-content\/uploads\/2017\/06\/serv4.jpg 110w, https:\/\/hadjsassigroupe.com\/pubart\/wp-content\/uploads\/2017\/06\/serv4-90x90.jpg 90w, https:\/\/hadjsassigroupe.com\/pubart\/wp-content\/uploads\/2017\/06\/serv4-100x100.jpg 100w\" sizes=\"auto, (max-width: 110px) 100vw, 110px\" \/><div class=\"mask\"><\/div><div class=\"icons\"><a href=\"https:\/\/hadjsassigroupe.com\/pubart\/services\/mugs\/\" aria-hidden=\"true\" class=\"icon-link\"><\/a><\/div><\/div>\t\n\t<div class=\"sc_services_item_info\">\n\t\t<div class=\"sc_services_item_header\">\n\t\t\t<h4 class=\"sc_services_item_title\"><a href=\"https:\/\/hadjsassigroupe.com\/pubart\/services\/mugs\/\">Mugs<\/a><\/h4>\n\t\t<\/div>\n\t\t\t<\/div>\n<\/div>\n<\/div><div class=\"trx_addons_column-1_6\"><div class=\"sc_services_item without_content with_image sc_services_item_featured_top\">\n\t<div class=\"post_featured with_thumb hover_icon sc_services_item_thumb\"><img loading=\"lazy\" decoding=\"async\" width=\"110\" height=\"110\" src=\"https:\/\/hadjsassigroupe.com\/pubart\/wp-content\/uploads\/2017\/06\/serv5.jpg\" class=\"attachment-alpha_color-thumb-med size-alpha_color-thumb-med wp-post-image\" alt=\"Agenda\/Calendrier\" srcset=\"https:\/\/hadjsassigroupe.com\/pubart\/wp-content\/uploads\/2017\/06\/serv5.jpg 110w, https:\/\/hadjsassigroupe.com\/pubart\/wp-content\/uploads\/2017\/06\/serv5-90x90.jpg 90w, https:\/\/hadjsassigroupe.com\/pubart\/wp-content\/uploads\/2017\/06\/serv5-100x100.jpg 100w\" sizes=\"auto, (max-width: 110px) 100vw, 110px\" \/><div class=\"mask\"><\/div><div class=\"icons\"><a href=\"https:\/\/hadjsassigroupe.com\/pubart\/services\/promotional-printing\/\" aria-hidden=\"true\" class=\"icon-link\"><\/a><\/div><\/div>\t\n\t<div class=\"sc_services_item_info\">\n\t\t<div class=\"sc_services_item_header\">\n\t\t\t<h4 class=\"sc_services_item_title\"><a href=\"https:\/\/hadjsassigroupe.com\/pubart\/services\/promotional-printing\/\">Agenda\/Calendrier<\/a><\/h4>\n\t\t<\/div>\n\t\t\t<\/div>\n<\/div>\n<\/div><div class=\"trx_addons_column-1_6\"><div class=\"sc_services_item without_content with_image sc_services_item_featured_top\">\n\t<div class=\"post_featured with_thumb hover_icon sc_services_item_thumb\"><img loading=\"lazy\" decoding=\"async\" width=\"110\" height=\"110\" src=\"https:\/\/hadjsassigroupe.com\/pubart\/wp-content\/uploads\/2017\/06\/serv6.jpg\" class=\"attachment-alpha_color-thumb-med size-alpha_color-thumb-med wp-post-image\" alt=\"T-Shirt\/Mugs\" srcset=\"https:\/\/hadjsassigroupe.com\/pubart\/wp-content\/uploads\/2017\/06\/serv6.jpg 110w, https:\/\/hadjsassigroupe.com\/pubart\/wp-content\/uploads\/2017\/06\/serv6-90x90.jpg 90w, https:\/\/hadjsassigroupe.com\/pubart\/wp-content\/uploads\/2017\/06\/serv6-100x100.jpg 100w\" sizes=\"auto, (max-width: 110px) 100vw, 110px\" \/><div class=\"mask\"><\/div><div class=\"icons\"><a href=\"https:\/\/hadjsassigroupe.com\/pubart\/services\/t-shirt-printing\/\" aria-hidden=\"true\" class=\"icon-link\"><\/a><\/div><\/div>\t\n\t<div class=\"sc_services_item_info\">\n\t\t<div class=\"sc_services_item_header\">\n\t\t\t<h4 class=\"sc_services_item_title\"><a href=\"https:\/\/hadjsassigroupe.com\/pubart\/services\/t-shirt-printing\/\">T-Shirt\/Mugs<\/a><\/h4>\n\t\t<\/div>\n\t\t\t<\/div>\n<\/div>\n<\/div><\/div><\/div><!-- \/.sc_services -->[\/vc_column][\/vc_row][vc_row][vc_column icons_position=\u00a0\u00bbleft\u00a0\u00bb][vc_empty_space alter_height=\u00a0\u00bbhuge\u00a0\u00bb hide_on_desktop=\u00a0\u00bb\u00a0\u00bb hide_on_notebook=\u00a0\u00bb\u00a0\u00bb hide_on_tablet=\u00a0\u00bb\u00a0\u00bb hide_on_mobile=\u00a0\u00bb\u00a0\u00bb][vc_row_inner][vc_column_inner icons_position=\u00a0\u00bbleft\u00a0\u00bb offset=\u00a0\u00bbvc_col-md-8&Prime;][vc_single_image image=\u00a0\u00bb4819&Prime; img_size=\u00a0\u00bbfull\u00a0\u00bb][vc_single_image image=\u00a0\u00bb4908&Prime; img_size=\u00a0\u00bbfull\u00a0\u00bb][\/vc_column_inner][vc_column_inner icons_position=\u00a0\u00bbleft\u00a0\u00bb offset=\u00a0\u00bbvc_col-md-4&Prime;]<div id=\"sc_content_768151490\"\r\n\t\tclass=\"sc_content color_style_default sc_content_default sc_content_width_2_3 sc_float_center sc_padding_large sc_shift_x_large_negative sc_shift_y_large  vc_custom_1507904583710\"><div class=\"sc_content_container\"><div id=\"sc_title_1171249969\"\r\n\t\tclass=\"sc_title color_style_default sc_title_default\"><h6 class=\"sc_item_subtitle sc_title_subtitle sc_align_left sc_item_title_style_default\">Bienvenue<\/h6><h3 class=\"sc_item_title sc_title_title sc_align_left sc_item_title_style_default\">Copie et <i>Centre d'impression<\/i><\/h3><div class=\"sc_item_descr sc_title_descr sc_align_left\"><p>Transformez votre projet en une pi\u00e8ce finie. Nous pouvons imprimer et concevoir \u00e0 peu pr\u00e8s n'importe quoi, des enseignes et banni\u00e8res aux brochures, produits promotionnels et formulaires, avec des options d'impression de donn\u00e9es variables, d'impression Web et de commande en ligne personnalis\u00e9e.<\/p>\n<\/div><\/div><!-- \/.sc_title -->[vc_empty_space alter_height=\u00a0\u00bbsmall\u00a0\u00bb hide_on_desktop=\u00a0\u00bb\u00a0\u00bb hide_on_notebook=\u00a0\u00bb\u00a0\u00bb hide_on_tablet=\u00a0\u00bb\u00a0\u00bb hide_on_mobile=\u00a0\u00bb\u00a0\u00bb]<a href=\"https:\/\/hadjsassigroupe.com\/pubart\/a-propos\/\" id=\"sc_button_1985104866\" class=\"sc_button color_style_default sc_button_default sc_button_size_large sc_button_icon_left\"><span class=\"sc_button_text\"><span class=\"sc_button_title\">A Propos de Nous<\/span><\/span><!-- \/.sc_button_text --><\/a><!-- \/.sc_button --><a href=\"https:\/\/hadjsassigroupe.com\/pubart\/nous-contacter\/\" id=\"sc_button_1105377416\" class=\"sc_button hide_on_mobile color_style_default sc_button_simple sc_button_size_large sc_button_with_icon sc_button_icon_left\"><span class=\"sc_button_icon\"><span class=\"icon-untitled-6\"><\/span><\/span><span class=\"sc_button_text\"><span class=\"sc_button_title\">Trouvez Nous<\/span><\/span><!-- \/.sc_button_text --><\/a><!-- \/.sc_button --><\/div><\/div><!-- \/.sc_content -->[\/vc_column_inner][\/vc_row_inner][vc_empty_space alter_height=\u00a0\u00bbhuge\u00a0\u00bb hide_on_desktop=\u00a0\u00bb\u00a0\u00bb hide_on_notebook=\u00a0\u00bb\u00a0\u00bb hide_on_tablet=\u00a0\u00bb\u00a0\u00bb hide_on_mobile=\u00a0\u00bb\u00a0\u00bb][\/vc_column][\/vc_row][vc_row full_width=\u00a0\u00bbstretch_row\u00a0\u00bb hide_bg_image_on_tablet=\u00a0\u00bb\u00a0\u00bb hide_bg_image_on_mobile=\u00a0\u00bb\u00a0\u00bb css=\u00a0\u00bb.vc_custom_1697640739897{background: #ffffff url(http:\/\/hadjsassigroupe.com\/pubart\/wp-content\/uploads\/2023\/10\/OF18GM0.jpg?id=4925) !important;background-position: top right !important;background-repeat: no-repeat !important;background-size: cover !important;}\u00a0\u00bb][vc_column icons_position=\u00a0\u00bbleft\u00a0\u00bb][vc_empty_space alter_height=\u00a0\u00bbhuge\u00a0\u00bb hide_on_desktop=\u00a0\u00bb\u00a0\u00bb hide_on_notebook=\u00a0\u00bb\u00a0\u00bb hide_on_tablet=\u00a0\u00bb\u00a0\u00bb hide_on_mobile=\u00a0\u00bb\u00a0\u00bb css=\u00a0\u00bb.vc_custom_1508234332531{margin-bottom: 1.2rem !important;}\u00a0\u00bb][\/vc_column][vc_column width=\u00a0\u00bb7\/12&Prime; icons_position=\u00a0\u00bbleft\u00a0\u00bb offset=\u00a0\u00bbvc_col-md-5&Prime;]<div id=\"sc_title_654124754\"\r\n\t\tclass=\"sc_title color_style_default sc_title_default\"><h3 class=\"sc_item_title sc_title_title sc_align_left sc_item_title_style_default sc_item_title_tag\">Copies de documents ? Besoin d'impressions rapides ?<\/h3><\/div><!-- \/.sc_title -->[vc_empty_space alter_height=\u00a0\u00bbsmall\u00a0\u00bb hide_on_desktop=\u00a0\u00bb\u00a0\u00bb hide_on_notebook=\u00a0\u00bb\u00a0\u00bb hide_on_tablet=\u00a0\u00bb\u00a0\u00bb hide_on_mobile=\u00a0\u00bb\u00a0\u00bb css=\u00a0\u00bb.vc_custom_1508234352924{margin-top: 0.7rem !important;}\u00a0\u00bb]<div id=\"sc_content_41587825\"\r\n\t\tclass=\"sc_content color_style_default sc_content_bordered sc_float_center\"><div class=\"sc_content_container\">[vc_column_text]Nous r\u00e9pondons \u00e0 tous vos besoins d&rsquo;impression.<br \/>\nChoisissez parmi notre liste compl\u00e8te d&rsquo;options d&rsquo;impression pour vos copies N&amp;B et couleur celles qui d\u00e9crivent le mieux votre produit fini\u00a0:[\/vc_column_text]<\/div><\/div><!-- \/.sc_content -->[vc_empty_space alter_height=\u00a0\u00bbsmall\u00a0\u00bb hide_on_desktop=\u00a0\u00bb\u00a0\u00bb hide_on_notebook=\u00a0\u00bb\u00a0\u00bb hide_on_tablet=\u00a0\u00bb\u00a0\u00bb hide_on_mobile=\u00a0\u00bb\u00a0\u00bb css=\u00a0\u00bb.vc_custom_1508234405326{margin-bottom: 0.85rem !important;}\u00a0\u00bb][vc_row_inner][vc_column_inner width=\u00a0\u00bb1\/2&Prime; icons_position=\u00a0\u00bbleft\u00a0\u00bb][vc_column_text]<\/p>\n<ul class=\"trx_addons_list_custom\">\n<li>Imprim\u00e9 en couleur<\/li>\n<li>Double face<\/li>\n<\/ul>\n<p>[\/vc_column_text][\/vc_column_inner][vc_column_inner width=\u00a0\u00bb1\/2&Prime; icons_position=\u00a0\u00bbleft\u00a0\u00bb][vc_column_text]<\/p>\n<ul class=\"trx_addons_list_custom\">\n<li>Variety of paper sizes<\/li>\n<li>Finition en option<\/li>\n<\/ul>\n<p>[\/vc_column_text][\/vc_column_inner][\/vc_row_inner][\/vc_column][vc_column icons_position=\u00a0\u00bbleft\u00a0\u00bb][vc_empty_space alter_height=\u00a0\u00bbhuge\u00a0\u00bb hide_on_desktop=\u00a0\u00bb\u00a0\u00bb hide_on_notebook=\u00a0\u00bb\u00a0\u00bb hide_on_tablet=\u00a0\u00bb\u00a0\u00bb hide_on_mobile=\u00a0\u00bb\u00a0\u00bb][vc_empty_space alter_height=\u00a0\u00bbmedium\u00a0\u00bb hide_on_desktop=\u00a0\u00bb\u00a0\u00bb hide_on_notebook=\u00a0\u00bb\u00a0\u00bb hide_on_tablet=\u00a0\u00bb\u00a0\u00bb hide_on_mobile=\u00a0\u00bb\u00a0\u00bb][vc_empty_space alter_height=\u00a0\u00bbsmall\u00a0\u00bb hide_on_desktop=\u00a0\u00bb\u00a0\u00bb hide_on_notebook=\u00a0\u00bb\u00a0\u00bb hide_on_tablet=\u00a0\u00bb\u00a0\u00bb hide_on_mobile=\u00a0\u00bb\u00a0\u00bb css=\u00a0\u00bb.vc_custom_1508234487919{margin-bottom: 0.8rem !important;}\u00a0\u00bb][\/vc_column][\/vc_row][vc_row full_width=\u00a0\u00bbstretch_row\u00a0\u00bb hide_bg_image_on_tablet=\u00a0\u00bb\u00a0\u00bb hide_bg_image_on_mobile=\u00a0\u00bb\u00a0\u00bb css=\u00a0\u00bb.vc_custom_1697895957730{background-image: url(https:\/\/hadjsassigroupe.com\/pubart\/wp-content\/uploads\/2023\/10\/poster-mock-up-scaled.jpg?id=4956) !important;background-position: top left !important;background-repeat: no-repeat !important;background-size: cover !important;}\u00a0\u00bb][vc_column icons_position=\u00a0\u00bbleft\u00a0\u00bb][vc_empty_space alter_height=\u00a0\u00bbhuge\u00a0\u00bb hide_on_desktop=\u00a0\u00bb\u00a0\u00bb hide_on_notebook=\u00a0\u00bb\u00a0\u00bb hide_on_tablet=\u00a0\u00bb\u00a0\u00bb hide_on_mobile=\u00a0\u00bb\u00a0\u00bb css=\u00a0\u00bb.vc_custom_1508244132545{margin-bottom: -1.7rem !important;}\u00a0\u00bb][\/vc_column][vc_column width=\u00a0\u00bb2\/3&Prime; icons_position=\u00a0\u00bbleft\u00a0\u00bb offset=\u00a0\u00bbvc_col-md-offset-6 vc_col-md-6 vc_col-sm-offset-4&Prime;]<div id=\"sc_content_433665781\"\r\n\t\tclass=\"sc_content color_style_default sc_content_default sc_float_center sc_padding_tiny\"><div class=\"sc_content_container\"><div id=\"sc_title_108274290\"\r\n\t\tclass=\"sc_title color_style_default sc_title_default\"><h3 class=\"sc_item_title sc_title_title sc_align_left sc_item_title_style_default sc_item_title_tag\">Pas de conception ? Pas de probl\u00e8me <i>Laissez nos concepteurs experts<\/i> vous aider<\/h3><\/div><!-- \/.sc_title -->[vc_empty_space alter_height=\u00a0\u00bbsmall\u00a0\u00bb hide_on_desktop=\u00a0\u00bb\u00a0\u00bb hide_on_notebook=\u00a0\u00bb\u00a0\u00bb hide_on_tablet=\u00a0\u00bb\u00a0\u00bb hide_on_mobile=\u00a0\u00bb\u00a0\u00bb css=\u00a0\u00bb.vc_custom_1508244203180{margin-top: 0.65rem !important;}\u00a0\u00bb]<div id=\"sc_content_718793903\"\r\n\t\tclass=\"sc_content color_style_default color_style_default sc_content_bordered sc_float_center\"><div class=\"sc_content_container\">[vc_column_text]Nous offrons des conceptions de premi\u00e8re classe &#8211; \u00e0 des prix abordables et des d\u00e9lais d&rsquo;ex\u00e9cution rapides. Des d\u00e9pliants et cartes de visite aux brochures pli\u00e9es, brochures et bien plus encore !<br \/>\nNous concevons tout.[\/vc_column_text]<\/div><\/div><!-- \/.sc_content -->[vc_empty_space alter_height=\u00a0\u00bbsmall\u00a0\u00bb hide_on_desktop=\u00a0\u00bb\u00a0\u00bb hide_on_notebook=\u00a0\u00bb\u00a0\u00bb hide_on_tablet=\u00a0\u00bb\u00a0\u00bb hide_on_mobile=\u00a0\u00bb\u00a0\u00bb css=\u00a0\u00bb.vc_custom_1508244216622{margin-bottom: 1.1rem !important;}\u00a0\u00bb]<a href=\"\/our-services\/\" id=\"sc_button_2142320276\" class=\"sc_button color_style_link3 sc_button_default sc_button_size_large sc_button_icon_left\"><span class=\"sc_button_text\"><span class=\"sc_button_title\">Plus d&#039;Information<\/span><\/span><!-- \/.sc_button_text --><\/a><!-- \/.sc_button --><\/div><\/div><!-- \/.sc_content -->[\/vc_column][vc_column icons_position=\u00a0\u00bbleft\u00a0\u00bb][vc_empty_space alter_height=\u00a0\u00bbhuge\u00a0\u00bb hide_on_desktop=\u00a0\u00bb\u00a0\u00bb hide_on_notebook=\u00a0\u00bb\u00a0\u00bb hide_on_tablet=\u00a0\u00bb\u00a0\u00bb hide_on_mobile=\u00a0\u00bb\u00a0\u00bb][vc_empty_space alter_height=\u00a0\u00bbsmall\u00a0\u00bb hide_on_desktop=\u00a0\u00bb\u00a0\u00bb hide_on_notebook=\u00a0\u00bb\u00a0\u00bb hide_on_tablet=\u00a0\u00bb\u00a0\u00bb hide_on_mobile=\u00a0\u00bb\u00a0\u00bb css=\u00a0\u00bb.vc_custom_1508244313863{margin-top: 0.4rem !important;}\u00a0\u00bb][\/vc_column][\/vc_row][vc_row full_width=\u00a0\u00bbstretch_row_content_no_spaces\u00a0\u00bb][vc_column icons_position=\u00a0\u00bbleft\u00a0\u00bb][rev_slider_vc alias=\u00a0\u00bbslider-1_boxed\u00a0\u00bb][\/vc_column][\/vc_row]<\/p>\n<\/section>","protected":false},"excerpt":{"rendered":"<p>[vc_row][vc_column icons_position=\u00a0\u00bbleft\u00a0\u00bb][rev_slider_vc alias=\u00a0\u00bbslider-2&Prime;][\/vc_column][\/vc_row][vc_row full_width=\u00a0\u00bbstretch_row_content_no_spaces\u00a0\u00bb equal_height=\u00a0\u00bbyes\u00a0\u00bb content_placement=\u00a0\u00bbmiddle\u00a0\u00bb][vc_column width=\u00a0\u00bb1\/4&Prime; hide_bg_image_on_tablet=\u00a0\u00bb\u00a0\u00bb hide_bg_image_on_mobile=\u00a0\u00bb\u00a0\u00bb icons_position=\u00a0\u00bbleft\u00a0\u00bb css=\u00a0\u00bb.vc_custom_1508325497744{border-bottom-width: 8px !important;background-color: #15212c !important;border-bottom-color: #fde642 !important;border-bottom-style: solid !important;}\u00a0\u00bb offset=\u00a0\u00bbvc_hidden-sm vc_hidden-xs\u00a0\u00bb][vc_row_inner scheme=\u00a0\u00bbdark\u00a0\u00bb][vc_column_inner icons_position=\u00a0\u00bbleft\u00a0\u00bb offset=\u00a0\u00bbvc_col-md-offset-2 vc_col-md-8&Prime;][vc_empty_space hide_on_desktop=\u00a0\u00bb\u00a0\u00bb hide_on_notebook=\u00a0\u00bb\u00a0\u00bb hide_on_tablet=\u00a0\u00bb\u00a0\u00bb hide_on_mobile=\u00a0\u00bb\u00a0\u00bb][\/vc_column_inner][\/vc_row_inner][\/vc_column][vc_column icons_position=\u00a0\u00bbleft\u00a0\u00bb offset=\u00a0\u00bbvc_col-md-9&Prime;][\/vc_column][\/vc_row][vc_row][vc_column icons_position=\u00a0\u00bbleft\u00a0\u00bb][vc_empty_space alter_height=\u00a0\u00bbhuge\u00a0\u00bb hide_on_desktop=\u00a0\u00bb\u00a0\u00bb hide_on_notebook=\u00a0\u00bb\u00a0\u00bb hide_on_tablet=\u00a0\u00bb\u00a0\u00bb hide_on_mobile=\u00a0\u00bb\u00a0\u00bb][vc_row_inner][vc_column_inner icons_position=\u00a0\u00bbleft\u00a0\u00bb offset=\u00a0\u00bbvc_col-md-8&Prime;][vc_single_image image=\u00a0\u00bb4819&Prime; img_size=\u00a0\u00bbfull\u00a0\u00bb][vc_single_image image=\u00a0\u00bb4908&Prime; img_size=\u00a0\u00bbfull\u00a0\u00bb][\/vc_column_inner][vc_column_inner icons_position=\u00a0\u00bbleft\u00a0\u00bb offset=\u00a0\u00bbvc_col-md-4&Prime;][\/vc_column_inner][\/vc_row_inner][vc_empty_space alter_height=\u00a0\u00bbhuge\u00a0\u00bb hide_on_desktop=\u00a0\u00bb\u00a0\u00bb hide_on_notebook=\u00a0\u00bb\u00a0\u00bb hide_on_tablet=\u00a0\u00bb\u00a0\u00bb hide_on_mobile=\u00a0\u00bb\u00a0\u00bb][\/vc_column][\/vc_row][vc_row full_width=\u00a0\u00bbstretch_row\u00a0\u00bb hide_bg_image_on_tablet=\u00a0\u00bb\u00a0\u00bb hide_bg_image_on_mobile=\u00a0\u00bb\u00a0\u00bb css=\u00a0\u00bb.vc_custom_1697640739897{background: #ffffff url(http:\/\/hadjsassigroupe.com\/pubart\/wp-content\/uploads\/2023\/10\/OF18GM0.jpg?id=4925) !important;background-position: top right !important;background-repeat:&hellip;<\/p>\n","protected":false},"author":1,"featured_media":0,"parent":0,"menu_order":0,"comment_status":"closed","ping_status":"open","template":"","meta":{"footnotes":""},"class_list":["post-2","page","type-page","status-publish","hentry"],"_links":{"self":[{"href":"https:\/\/hadjsassigroupe.com\/pubart\/wp-json\/wp\/v2\/pages\/2","targetHints":{"allow":["GET"]}}],"collection":[{"href":"https:\/\/hadjsassigroupe.com\/pubart\/wp-json\/wp\/v2\/pages"}],"about":[{"href":"https:\/\/hadjsassigroupe.com\/pubart\/wp-json\/wp\/v2\/types\/page"}],"author":[{"embeddable":true,"href":"https:\/\/hadjsassigroupe.com\/pubart\/wp-json\/wp\/v2\/users\/1"}],"replies":[{"embeddable":true,"href":"https:\/\/hadjsassigroupe.com\/pubart\/wp-json\/wp\/v2\/comments?post=2"}],"version-history":[{"count":36,"href":"https:\/\/hadjsassigroupe.com\/pubart\/wp-json\/wp\/v2\/pages\/2\/revisions"}],"predecessor-version":[{"id":4957,"href":"https:\/\/hadjsassigroupe.com\/pubart\/wp-json\/wp\/v2\/pages\/2\/revisions\/4957"}],"wp:attachment":[{"href":"https:\/\/hadjsassigroupe.com\/pubart\/wp-json\/wp\/v2\/media?parent=2"}],"curies":[{"name":"wp","href":"https:\/\/api.w.org\/{rel}","templated":true}]}}